{"id":92,"date":"2025-01-19T15:07:00","date_gmt":"2025-01-19T15:07:00","guid":{"rendered":"https:\/\/procalayc.com.pe\/procal\/?page_id=92"},"modified":"2025-03-16T04:18:30","modified_gmt":"2025-03-16T04:18:30","slug":"contactanos","status":"publish","type":"page","link":"https:\/\/procalayc.com.pe\/procal\/contactanos\/","title":{"rendered":"Cont\u00e1ctanos"},"content":{"rendered":"\t\t<div data-elementor-type=\"wp-page\" data-elementor-id=\"92\" class=\"elementor elementor-92\" data-elementor-post-type=\"page\">\n\t\t\t\t<div data-particle_enable=\"false\" data-particle-mobile-disabled=\"false\" class=\"elementor-element elementor-element-38ccced e-flex e-con-boxed e-con e-parent\" data-id=\"38ccced\" data-element_type=\"container\" data-settings=\"{&quot;background_background&quot;:&quot;classic&quot;}\">\n\t\t\t\t\t<div class=\"e-con-inner\">\n\t\t\t\t<div class=\"elementor-element elementor-element-dd1e692 animated-slow elementor-invisible elementor-widget elementor-widget-custom-title-addons\" data-id=\"dd1e692\" data-element_type=\"widget\" data-settings=\"{&quot;_animation&quot;:&quot;fadeInUp&quot;}\" data-widget_type=\"custom-title-addons.default\">\n\t\t\t\t<div class=\"elementor-widget-container\">\n\t\t\t\t\t<div class=\"tpc-double_heading\"><h3 class=\"dbl__title-wrapper\"><span class=\"dbl__title dbl-title_1\">Cont\u00e1ctanos<\/span><\/h3><\/div>\t\t\t\t<\/div>\n\t\t\t\t<\/div>\n\t\t\t\t<div class=\"elementor-element elementor-element-2791d78 animated-slow elementor-invisible elementor-widget elementor-widget-breadcrumbs\" data-id=\"2791d78\" data-element_type=\"widget\" data-settings=\"{&quot;_animation&quot;:&quot;fadeInLeft&quot;,&quot;_animation_delay&quot;:200}\" data-widget_type=\"breadcrumbs.default\">\n\t\t\t\t<div class=\"elementor-widget-container\">\n\t\t\t\t\t<p id=\"breadcrumbs\"><span><span><a href=\"https:\/\/procalayc.com.pe\/procal\/\">Inicio<\/a><\/span><\/span><\/p>\t\t\t\t<\/div>\n\t\t\t\t<\/div>\n\t\t\t\t\t<\/div>\n\t\t\t\t<\/div>\n\t\t<div data-particle_enable=\"false\" data-particle-mobile-disabled=\"false\" class=\"elementor-element elementor-element-3391729 e-flex e-con-boxed e-con e-parent\" data-id=\"3391729\" data-element_type=\"container\" data-settings=\"{&quot;background_background&quot;:&quot;classic&quot;}\">\n\t\t\t\t\t<div class=\"e-con-inner\">\n\t\t<div data-particle_enable=\"false\" data-particle-mobile-disabled=\"false\" class=\"elementor-element elementor-element-8c35716 e-con-full animated-slow e-flex elementor-invisible e-con e-child\" data-id=\"8c35716\" data-element_type=\"container\" data-settings=\"{&quot;background_background&quot;:&quot;classic&quot;,&quot;animation&quot;:&quot;fadeInUp&quot;,&quot;animation_delay&quot;:100}\">\n\t\t\t\t<div class=\"elementor-element elementor-element-dfea0ec elementor-widget elementor-widget-image\" data-id=\"dfea0ec\" data-element_type=\"widget\" data-widget_type=\"image.default\">\n\t\t\t\t<div class=\"elementor-widget-container\">\n\t\t\t\t\t\t\t\t\t\t\t\t\t\t\t<img decoding=\"async\" src=\"https:\/\/procalayc.com.pe\/procal\/wp-content\/uploads\/2025\/01\/direccion.svg\" title=\"direccion\" alt=\"direccion\" loading=\"lazy\" \/>\t\t\t\t\t\t\t\t\t\t\t\t\t\t\t<\/div>\n\t\t\t\t<\/div>\n\t\t\t\t<div class=\"elementor-element elementor-element-8bd461b elementor-widget elementor-widget-heading\" data-id=\"8bd461b\" data-element_type=\"widget\" data-widget_type=\"heading.default\">\n\t\t\t\t<div class=\"elementor-widget-container\">\n\t\t\t\t\t<h2 class=\"elementor-heading-title elementor-size-default\">Lima - Per\u00fa<\/h2>\t\t\t\t<\/div>\n\t\t\t\t<\/div>\n\t\t\t\t<div class=\"elementor-element elementor-element-c7c2ff2 elementor-widget elementor-widget-text-editor\" data-id=\"c7c2ff2\" data-element_type=\"widget\" data-widget_type=\"text-editor.default\">\n\t\t\t\t<div class=\"elementor-widget-container\">\n\t\t\t\t\t\t\t\t\t<p style=\"text-align: center;\"><a href=\"https:\/\/maps.app.goo.gl\/2316wHhYXKRmZNL58\" target=\"_blank\" rel=\"noopener\">Fernando Castrat 325<br \/>Santiago de Surco<br \/><\/a><\/p>\t\t\t\t\t\t\t\t<\/div>\n\t\t\t\t<\/div>\n\t\t\t\t<\/div>\n\t\t<div data-particle_enable=\"false\" data-particle-mobile-disabled=\"false\" class=\"elementor-element elementor-element-968381b e-con-full animated-slow e-flex elementor-invisible e-con e-child\" data-id=\"968381b\" data-element_type=\"container\" data-settings=\"{&quot;background_background&quot;:&quot;classic&quot;,&quot;animation&quot;:&quot;fadeInUp&quot;,&quot;animation_delay&quot;:250}\">\n\t\t\t\t<div class=\"elementor-element elementor-element-0384e0a elementor-widget elementor-widget-image\" data-id=\"0384e0a\" data-element_type=\"widget\" data-widget_type=\"image.default\">\n\t\t\t\t<div class=\"elementor-widget-container\">\n\t\t\t\t\t\t\t\t\t\t\t\t\t\t\t<img decoding=\"async\" src=\"https:\/\/procalayc.com.pe\/procal\/wp-content\/uploads\/2025\/01\/telefono.svg\" title=\"telefono\" alt=\"telefono\" loading=\"lazy\" \/>\t\t\t\t\t\t\t\t\t\t\t\t\t\t\t<\/div>\n\t\t\t\t<\/div>\n\t\t\t\t<div class=\"elementor-element elementor-element-f9159cd elementor-widget elementor-widget-heading\" data-id=\"f9159cd\" data-element_type=\"widget\" data-widget_type=\"heading.default\">\n\t\t\t\t<div class=\"elementor-widget-container\">\n\t\t\t\t\t<h2 class=\"elementor-heading-title elementor-size-default\">Llamanos<\/h2>\t\t\t\t<\/div>\n\t\t\t\t<\/div>\n\t\t\t\t<div class=\"elementor-element elementor-element-230b31b elementor-widget elementor-widget-text-editor\" data-id=\"230b31b\" data-element_type=\"widget\" data-widget_type=\"text-editor.default\">\n\t\t\t\t<div class=\"elementor-widget-container\">\n\t\t\t\t\t\t\t\t\t<p style=\"text-align: center;\"><a href=\"tel:+51992765430\">(+51) 992765430<\/a><br \/><a href=\"tel:+5115025594\">01 502 5594<\/a><\/p>\t\t\t\t\t\t\t\t<\/div>\n\t\t\t\t<\/div>\n\t\t\t\t<\/div>\n\t\t<div data-particle_enable=\"false\" data-particle-mobile-disabled=\"false\" class=\"elementor-element elementor-element-98dd7a8 e-con-full animated-slow e-flex elementor-invisible e-con e-child\" data-id=\"98dd7a8\" data-element_type=\"container\" data-settings=\"{&quot;background_background&quot;:&quot;classic&quot;,&quot;animation&quot;:&quot;fadeInUp&quot;,&quot;animation_delay&quot;:400}\">\n\t\t\t\t<div class=\"elementor-element elementor-element-371a8d1 elementor-widget elementor-widget-image\" data-id=\"371a8d1\" data-element_type=\"widget\" data-widget_type=\"image.default\">\n\t\t\t\t<div class=\"elementor-widget-container\">\n\t\t\t\t\t\t\t\t\t\t\t\t\t\t\t<img decoding=\"async\" src=\"https:\/\/procalayc.com.pe\/procal\/wp-content\/uploads\/2025\/01\/correo.svg\" title=\"correo\" alt=\"correo\" loading=\"lazy\" \/>\t\t\t\t\t\t\t\t\t\t\t\t\t\t\t<\/div>\n\t\t\t\t<\/div>\n\t\t\t\t<div class=\"elementor-element elementor-element-83d00c5 elementor-widget elementor-widget-heading\" data-id=\"83d00c5\" data-element_type=\"widget\" data-widget_type=\"heading.default\">\n\t\t\t\t<div class=\"elementor-widget-container\">\n\t\t\t\t\t<h2 class=\"elementor-heading-title elementor-size-default\">Correo<\/h2>\t\t\t\t<\/div>\n\t\t\t\t<\/div>\n\t\t\t\t<div class=\"elementor-element elementor-element-92baec4 elementor-widget elementor-widget-text-editor\" data-id=\"92baec4\" data-element_type=\"widget\" data-widget_type=\"text-editor.default\">\n\t\t\t\t<div class=\"elementor-widget-container\">\n\t\t\t\t\t\t\t\t\t<p style=\"text-align: center;\">\n  <a href=\"mailto:info@procalayc.com.pe\">info@procalayc.com.pe<\/a><br>\n  <a href=\"mailto:rosa.lagos@procalayc.com.pe\">rosa.lagos@procalayc.com.pe<\/a>\n<\/p>\t\t\t\t\t\t\t\t<\/div>\n\t\t\t\t<\/div>\n\t\t\t\t<\/div>\n\t\t\t\t\t<\/div>\n\t\t\t\t<\/div>\n\t\t<div data-particle_enable=\"false\" data-particle-mobile-disabled=\"false\" class=\"elementor-element elementor-element-bcc8bd2 animated-slow e-flex e-con-boxed elementor-invisible e-con e-parent\" data-id=\"bcc8bd2\" data-element_type=\"container\" data-settings=\"{&quot;animation&quot;:&quot;fadeInUp&quot;,&quot;animation_delay&quot;:500}\">\n\t\t\t\t\t<div class=\"e-con-inner\">\n\t\t<div data-particle_enable=\"false\" data-particle-mobile-disabled=\"false\" class=\"elementor-element elementor-element-5a88d31 e-con-full e-flex e-con e-child\" data-id=\"5a88d31\" data-element_type=\"container\">\n\t\t\t\t<div class=\"elementor-element elementor-element-90a42a9 elementor-widget elementor-widget-custom-title-addons\" data-id=\"90a42a9\" data-element_type=\"widget\" data-widget_type=\"custom-title-addons.default\">\n\t\t\t\t<div class=\"elementor-widget-container\">\n\t\t\t\t\t<div class=\"tpc-double_heading\"><h3 class=\"dbl__title-wrapper\"><span class=\"dbl__title dbl-title_1\">Env\u00edanos<\/span><span class=\"dbl__title dbl-title_2\" > un Mensaje<\/span><\/h3><\/div>\t\t\t\t<\/div>\n\t\t\t\t<\/div>\n\t\t\t\t<div class=\"elementor-element elementor-element-55727e4 elementor-widget elementor-widget-text-editor\" data-id=\"55727e4\" data-element_type=\"widget\" data-widget_type=\"text-editor.default\">\n\t\t\t\t<div class=\"elementor-widget-container\">\n\t\t\t\t\t\t\t\t\t<p>\u00bfDeseas cotizar un servicio con nosotros?. D\u00e9janos tus datos y en un plazo no mayor a las 72 horas estaremos contact\u00e1ndonos contigo.<\/p>\t\t\t\t\t\t\t\t<\/div>\n\t\t\t\t<\/div>\n\t\t\t\t<div class=\"elementor-element elementor-element-653681b elementor-invisible elementor-widget elementor-widget-edubin-contactform-addons\" data-id=\"653681b\" data-element_type=\"widget\" data-settings=\"{&quot;_animation&quot;:&quot;edubin--slide-up&quot;}\" data-widget_type=\"edubin-contactform-addons.default\">\n\t\t\t\t<div class=\"elementor-widget-container\">\n\t\t\t\t\t<div class=\"edubin-form-wrapper\" >\n<div class=\"wpcf7 no-js\" id=\"wpcf7-f8-o1\" lang=\"es-ES\" dir=\"ltr\" data-wpcf7-id=\"8\">\n<div class=\"screen-reader-response\"><p role=\"status\" aria-live=\"polite\" aria-atomic=\"true\"><\/p> <ul><\/ul><\/div>\n<form action=\"\/procal\/wp-json\/wp\/v2\/pages\/92#wpcf7-f8-o1\" method=\"post\" class=\"wpcf7-form init\" aria-label=\"Formulario de contacto\" novalidate=\"novalidate\" data-status=\"init\">\n<div style=\"display: none;\">\n<input type=\"hidden\" name=\"_wpcf7\" value=\"8\" \/>\n<input type=\"hidden\" name=\"_wpcf7_version\" value=\"6.0.3\" \/>\n<input type=\"hidden\" name=\"_wpcf7_locale\" value=\"es_ES\" \/>\n<input type=\"hidden\" name=\"_wpcf7_unit_tag\" value=\"wpcf7-f8-o1\" \/>\n<input type=\"hidden\" name=\"_wpcf7_container_post\" value=\"0\" \/>\n<input type=\"hidden\" name=\"_wpcf7_posted_data_hash\" value=\"\" \/>\n<\/div>\n<div class=\"edubin-row\">\n\t<div class=\"edubin-col-md-12\">\n\t\t<p><span class=\"wpcf7-form-control-wrap\" data-name=\"frm-nombre\"><input size=\"40\" maxlength=\"400\" class=\"wpcf7-form-control wpcf7-text wpcf7-validates-as-required\" aria-required=\"true\" aria-invalid=\"false\" placeholder=\"Nombre\" value=\"\" type=\"text\" name=\"frm-nombre\" \/><\/span>\n\t\t<\/p>\n\t<\/div>\n<\/div>\n<p><span class=\"wpcf7-form-control-wrap\" data-name=\"frm-telefono\"><input size=\"40\" maxlength=\"400\" class=\"wpcf7-form-control wpcf7-tel wpcf7-text wpcf7-validates-as-tel\" aria-invalid=\"false\" placeholder=\"Tel\u00e9fono\" value=\"\" type=\"tel\" name=\"frm-telefono\" \/><\/span>\n<\/p>\n<p><span class=\"wpcf7-form-control-wrap\" data-name=\"frm-correo\"><input size=\"40\" maxlength=\"400\" class=\"wpcf7-form-control wpcf7-email wpcf7-validates-as-required wpcf7-text wpcf7-validates-as-email\" aria-required=\"true\" aria-invalid=\"false\" placeholder=\"Correo\" value=\"\" type=\"email\" name=\"frm-correo\" \/><\/span>\n<\/p>\n<p><span class=\"wpcf7-form-control-wrap\" data-name=\"frm-mensaje\"><textarea cols=\"40\" rows=\"10\" maxlength=\"2000\" class=\"wpcf7-form-control wpcf7-textarea\" aria-invalid=\"false\" placeholder=\"Mensaje\" name=\"frm-mensaje\"><\/textarea><\/span>\n<\/p>\n<p><input class=\"wpcf7-form-control wpcf7-submit has-spinner\" type=\"submit\" value=\"Enviar\" \/>\n<\/p><div class=\"wpcf7-response-output\" aria-hidden=\"true\"><\/div>\n<\/form>\n<\/div>\n<\/div>\t\t\t\t<\/div>\n\t\t\t\t<\/div>\n\t\t\t\t<\/div>\n\t\t<div data-particle_enable=\"false\" data-particle-mobile-disabled=\"false\" class=\"elementor-element elementor-element-324ca85 e-con-full e-flex e-con e-child\" data-id=\"324ca85\" data-element_type=\"container\">\n\t\t\t\t<div class=\"elementor-element elementor-element-d39ccd0 elementor-widget elementor-widget-html\" data-id=\"d39ccd0\" data-element_type=\"widget\" data-widget_type=\"html.default\">\n\t\t\t\t<div class=\"elementor-widget-container\">\n\t\t\t\t\t<div class=\"chat-widget\" style=\"max-width: 350px; font-family: Heebo, sans-serif; border: 1px solid #e0e0e0; border-radius: 12px; overflow: hidden; box-shadow: 0 2px 10px rgba(0,0,0,0.1); background: white;\"> \r\n    <div style=\"background: #004AAD; color: white; padding: 15px; display: flex; align-items: center; gap: 10px;\">\r\n        <div style=\"width: 40px; height: 40px; border-radius: 50%; background: rgba(255,255,255,0.2); display: flex; align-items: center; justify-content: center; color: white;\">\r\n            <svg xmlns=\"http:\/\/www.w3.org\/2000\/svg\" width=\"24\" height=\"24\" viewBox=\"0 0 24 24\" fill=\"none\" stroke=\"currentColor\" stroke-width=\"2\" stroke-linecap=\"round\" stroke-linejoin=\"round\">\r\n                <circle cx=\"12\" cy=\"12\" r=\"10\"\/>\r\n                <line x1=\"2\" y1=\"12\" x2=\"22\" y2=\"12\"\/>\r\n                <path d=\"M12 2a15.3 15.3 0 0 1 4 10 15.3 15.3 0 0 1-4 10 15.3 15.3 0 0 1-4-10 15.3 15.3 0 0 1 4-10z\"\/>\r\n            <\/svg>\r\n        <\/div>\r\n        <div>\r\n            <div style=\"font-weight: 700; font-size: 25px; line-height: 45px;\">Procalayc<\/div>\r\n            <div style=\"font-size: 14px; font-weight: 400; opacity: 0.9;\">Soporte en l\u00ednea<\/div>\r\n        <\/div>\r\n    <\/div>\r\n    \r\n    <div style=\"padding: 15px; background: #f5f5f5;\">\r\n        <div style=\"background: white; padding: 12px; border-radius: 8px; margin-bottom: 10px; box-shadow: 0 1px 2px rgba(0,0,0,0.1);\">\r\n            <div style=\"font-weight: 700; font-size: 25px; line-height: 45px; color: #004AAD;\">Bienvenido a Procalayc<\/div>\r\n            <div style=\"font-size: 14px; font-weight: 400; color: #333;\">\u00a1Hola! \ud83d\udc4b Estamos aqu\u00ed para ayudarte con cualquier consulta sobre nuestros servicios. \u00bfEn qu\u00e9 podemos asistirte hoy?<\/div>\r\n        <\/div>\r\n    <\/div>\r\n    \r\n    <div style=\"padding: 15px; text-align: center;\">\r\n        <a href=\"https:\/\/wa.me\/51992765430\" target=\"_blank\" style=\"text-decoration: none;\">\r\n            <button style=\"background: #004AAD; color: white; border: none; padding: 12px 24px; border-radius: 24px; font-weight: bold; cursor: pointer; width: 100%; transition: background 0.3s ease; display: flex; align-items: center; justify-content: center; gap: 8px;\">\r\n                <svg xmlns=\"http:\/\/www.w3.org\/2000\/svg\" width=\"20\" height=\"20\" viewBox=\"0 0 24 24\" fill=\"white\">\r\n                    <path d=\"M17.472 14.382c-.297-.149-1.758-.867-2.03-.967-.273-.099-.471-.148-.67.15-.197.297-.767.966-.94 1.164-.173.199-.347.223-.644.075-.297-.15-1.255-.463-2.39-1.475-.883-.788-1.48-1.761-1.653-2.059-.173-.297-.018-.458.13-.606.134-.133.298-.347.446-.52.149-.174.198-.298.298-.497.099-.198.05-.371-.025-.52-.075-.149-.669-1.612-.916-2.207-.242-.579-.487-.5-.669-.51-.173-.008-.371-.01-.57-.01-.198 0-.52.074-.792.372-.272.297-1.04 1.016-1.04 2.479 0 1.462 1.065 2.875 1.213 3.074.149.198 2.096 3.2 5.077 4.487.709.306 1.262.489 1.694.625.712.227 1.36.195 1.871.118.571-.085 1.758-.719 2.006-1.413.248-.694.248-1.289.173-1.413-.074-.124-.272-.198-.57-.347m-5.421 7.403h-.004a9.87 9.87 0 01-5.031-1.378l-.361-.214-3.741.982.998-3.648-.235-.374a9.86 9.86 0 01-1.51-5.26c.001-5.45 4.436-9.884 9.888-9.884 2.64 0 5.122 1.03 6.988 2.898a9.825 9.825 0 012.893 6.994c-.003 5.45-4.437 9.884-9.885 9.884m8.413-18.297A11.815 11.815 0 0012.05 0C5.495 0 .16 5.335.157 11.892c0 2.096.547 4.142 1.588 5.945L.057 24l6.305-1.654a11.882 11.882 0 005.683 1.448h.005c6.554 0 11.89-5.335 11.893-11.893a11.821 11.821 0 00-3.48-8.413z\"\/>\r\n                <\/svg>\r\n                Iniciar Chat\r\n            <\/button>\r\n        <\/a>\r\n    <\/div>\r\n<\/div>\r\n\r\n<style>\r\n.chat-widget button:hover {\r\n    background: #003c8a !important;\r\n}\r\n<\/style>\r\n\t\t\t\t<\/div>\n\t\t\t\t<\/div>\n\t\t\t\t<\/div>\n\t\t\t\t\t<\/div>\n\t\t\t\t<\/div>\n\t\t\t\t<\/div>\n\t\t","protected":false},"excerpt":{"rendered":"<p>Cont\u00e1ctanos Lima &#8211; Per\u00fa Fernando Castrat 325Santiago de Surco Llamanos (+51) 99276543001 502 5594 Correo info@procalayc.com.pe rosa.lagos@procalayc.com.pe Env\u00edanos un Mensaje \u00bfDeseas cotizar un servicio con nosotros?. D\u00e9janos tus datos y en un plazo no mayor a las 72 horas estaremos contact\u00e1ndonos contigo. Procalayc Soporte en l\u00ednea Bienvenido a Procalayc \u00a1Hola! \ud83d\udc4b Estamos aqu\u00ed para ayudarte&#8230;<\/p>\n","protected":false},"author":1,"featured_media":0,"parent":0,"menu_order":0,"comment_status":"closed","ping_status":"closed","template":"","meta":{"_joinchat":[],"footnotes":""},"class_list":["post-92","page","type-page","status-publish","hentry"],"yoast_head":"<!-- This site is optimized with the Yoast SEO plugin v24.4 - https:\/\/yoast.com\/wordpress\/plugins\/seo\/ -->\n<title>Cont\u00e1ctanos - PROCAL<\/title>\n<meta name=\"robots\" content=\"index, follow, max-snippet:-1, max-image-preview:large, max-video-preview:-1\" \/>\n<link rel=\"canonical\" href=\"https:\/\/procalayc.com.pe\/procal\/contactanos\/\" \/>\n<meta property=\"og:locale\" content=\"es_ES\" \/>\n<meta property=\"og:type\" content=\"article\" \/>\n<meta property=\"og:title\" content=\"Cont\u00e1ctanos - PROCAL\" \/>\n<meta property=\"og:description\" content=\"Cont\u00e1ctanos Lima &#8211; Per\u00fa Fernando Castrat 325Santiago de Surco Llamanos (+51) 99276543001 502 5594 Correo info@procalayc.com.pe rosa.lagos@procalayc.com.pe Env\u00edanos un Mensaje \u00bfDeseas cotizar un servicio con nosotros?. D\u00e9janos tus datos y en un plazo no mayor a las 72 horas estaremos contact\u00e1ndonos contigo. Procalayc Soporte en l\u00ednea Bienvenido a Procalayc \u00a1Hola! \ud83d\udc4b Estamos aqu\u00ed para ayudarte&#8230;\" \/>\n<meta property=\"og:url\" content=\"https:\/\/procalayc.com.pe\/procal\/contactanos\/\" \/>\n<meta property=\"og:site_name\" content=\"PROCAL\" \/>\n<meta property=\"article:modified_time\" content=\"2025-03-16T04:18:30+00:00\" \/>\n<meta property=\"og:image\" content=\"https:\/\/procalayc.com.pe\/procal\/wp-content\/uploads\/2025\/01\/direccion.svg\" \/>\n<meta name=\"twitter:card\" content=\"summary_large_image\" \/>\n<meta name=\"twitter:label1\" content=\"Tiempo de lectura\" \/>\n\t<meta name=\"twitter:data1\" content=\"2 minutos\" \/>\n<script type=\"application\/ld+json\" class=\"yoast-schema-graph\">{\"@context\":\"https:\/\/schema.org\",\"@graph\":[{\"@type\":\"WebPage\",\"@id\":\"https:\/\/procalayc.com.pe\/procal\/contactanos\/\",\"url\":\"https:\/\/procalayc.com.pe\/procal\/contactanos\/\",\"name\":\"Cont\u00e1ctanos - PROCAL\",\"isPartOf\":{\"@id\":\"https:\/\/procalayc.com.pe\/procal\/#website\"},\"primaryImageOfPage\":{\"@id\":\"https:\/\/procalayc.com.pe\/procal\/contactanos\/#primaryimage\"},\"image\":{\"@id\":\"https:\/\/procalayc.com.pe\/procal\/contactanos\/#primaryimage\"},\"thumbnailUrl\":\"https:\/\/procalayc.com.pe\/procal\/wp-content\/uploads\/2025\/01\/direccion.svg\",\"datePublished\":\"2025-01-19T15:07:00+00:00\",\"dateModified\":\"2025-03-16T04:18:30+00:00\",\"breadcrumb\":{\"@id\":\"https:\/\/procalayc.com.pe\/procal\/contactanos\/#breadcrumb\"},\"inLanguage\":\"es\",\"potentialAction\":[{\"@type\":\"ReadAction\",\"target\":[\"https:\/\/procalayc.com.pe\/procal\/contactanos\/\"]}]},{\"@type\":\"ImageObject\",\"inLanguage\":\"es\",\"@id\":\"https:\/\/procalayc.com.pe\/procal\/contactanos\/#primaryimage\",\"url\":\"https:\/\/procalayc.com.pe\/procal\/wp-content\/uploads\/2025\/01\/direccion.svg\",\"contentUrl\":\"https:\/\/procalayc.com.pe\/procal\/wp-content\/uploads\/2025\/01\/direccion.svg\",\"width\":800,\"height\":800},{\"@type\":\"BreadcrumbList\",\"@id\":\"https:\/\/procalayc.com.pe\/procal\/contactanos\/#breadcrumb\",\"itemListElement\":[{\"@type\":\"ListItem\",\"position\":1,\"name\":\"Inicio\",\"item\":\"https:\/\/procalayc.com.pe\/procal\/\"},{\"@type\":\"ListItem\",\"position\":2,\"name\":\"Cont\u00e1ctanos\"}]},{\"@type\":\"WebSite\",\"@id\":\"https:\/\/procalayc.com.pe\/procal\/#website\",\"url\":\"https:\/\/procalayc.com.pe\/procal\/\",\"name\":\"PROCAL\",\"description\":\"Proyectos de Calidad\",\"publisher\":{\"@id\":\"https:\/\/procalayc.com.pe\/procal\/#organization\"},\"potentialAction\":[{\"@type\":\"SearchAction\",\"target\":{\"@type\":\"EntryPoint\",\"urlTemplate\":\"https:\/\/procalayc.com.pe\/procal\/?s={search_term_string}\"},\"query-input\":{\"@type\":\"PropertyValueSpecification\",\"valueRequired\":true,\"valueName\":\"search_term_string\"}}],\"inLanguage\":\"es\"},{\"@type\":\"Organization\",\"@id\":\"https:\/\/procalayc.com.pe\/procal\/#organization\",\"name\":\"PROCAL\",\"url\":\"https:\/\/procalayc.com.pe\/procal\/\",\"logo\":{\"@type\":\"ImageObject\",\"inLanguage\":\"es\",\"@id\":\"https:\/\/procalayc.com.pe\/procal\/#\/schema\/logo\/image\/\",\"url\":\"https:\/\/procalayc.com.pe\/procal\/wp-content\/uploads\/2025\/01\/cropped-procal-logo.png\",\"contentUrl\":\"https:\/\/procalayc.com.pe\/procal\/wp-content\/uploads\/2025\/01\/cropped-procal-logo.png\",\"width\":270,\"height\":108,\"caption\":\"PROCAL\"},\"image\":{\"@id\":\"https:\/\/procalayc.com.pe\/procal\/#\/schema\/logo\/image\/\"}}]}<\/script>\n<!-- \/ Yoast SEO plugin. -->","yoast_head_json":{"title":"Cont\u00e1ctanos - PROCAL","robots":{"index":"index","follow":"follow","max-snippet":"max-snippet:-1","max-image-preview":"max-image-preview:large","max-video-preview":"max-video-preview:-1"},"canonical":"https:\/\/procalayc.com.pe\/procal\/contactanos\/","og_locale":"es_ES","og_type":"article","og_title":"Cont\u00e1ctanos - PROCAL","og_description":"Cont\u00e1ctanos Lima &#8211; Per\u00fa Fernando Castrat 325Santiago de Surco Llamanos (+51) 99276543001 502 5594 Correo info@procalayc.com.pe rosa.lagos@procalayc.com.pe Env\u00edanos un Mensaje \u00bfDeseas cotizar un servicio con nosotros?. D\u00e9janos tus datos y en un plazo no mayor a las 72 horas estaremos contact\u00e1ndonos contigo. Procalayc Soporte en l\u00ednea Bienvenido a Procalayc \u00a1Hola! \ud83d\udc4b Estamos aqu\u00ed para ayudarte&#8230;","og_url":"https:\/\/procalayc.com.pe\/procal\/contactanos\/","og_site_name":"PROCAL","article_modified_time":"2025-03-16T04:18:30+00:00","og_image":[{"url":"https:\/\/procalayc.com.pe\/procal\/wp-content\/uploads\/2025\/01\/direccion.svg","type":"","width":"","height":""}],"twitter_card":"summary_large_image","twitter_misc":{"Tiempo de lectura":"2 minutos"},"schema":{"@context":"https:\/\/schema.org","@graph":[{"@type":"WebPage","@id":"https:\/\/procalayc.com.pe\/procal\/contactanos\/","url":"https:\/\/procalayc.com.pe\/procal\/contactanos\/","name":"Cont\u00e1ctanos - PROCAL","isPartOf":{"@id":"https:\/\/procalayc.com.pe\/procal\/#website"},"primaryImageOfPage":{"@id":"https:\/\/procalayc.com.pe\/procal\/contactanos\/#primaryimage"},"image":{"@id":"https:\/\/procalayc.com.pe\/procal\/contactanos\/#primaryimage"},"thumbnailUrl":"https:\/\/procalayc.com.pe\/procal\/wp-content\/uploads\/2025\/01\/direccion.svg","datePublished":"2025-01-19T15:07:00+00:00","dateModified":"2025-03-16T04:18:30+00:00","breadcrumb":{"@id":"https:\/\/procalayc.com.pe\/procal\/contactanos\/#breadcrumb"},"inLanguage":"es","potentialAction":[{"@type":"ReadAction","target":["https:\/\/procalayc.com.pe\/procal\/contactanos\/"]}]},{"@type":"ImageObject","inLanguage":"es","@id":"https:\/\/procalayc.com.pe\/procal\/contactanos\/#primaryimage","url":"https:\/\/procalayc.com.pe\/procal\/wp-content\/uploads\/2025\/01\/direccion.svg","contentUrl":"https:\/\/procalayc.com.pe\/procal\/wp-content\/uploads\/2025\/01\/direccion.svg","width":800,"height":800},{"@type":"BreadcrumbList","@id":"https:\/\/procalayc.com.pe\/procal\/contactanos\/#breadcrumb","itemListElement":[{"@type":"ListItem","position":1,"name":"Inicio","item":"https:\/\/procalayc.com.pe\/procal\/"},{"@type":"ListItem","position":2,"name":"Cont\u00e1ctanos"}]},{"@type":"WebSite","@id":"https:\/\/procalayc.com.pe\/procal\/#website","url":"https:\/\/procalayc.com.pe\/procal\/","name":"PROCAL","description":"Proyectos de Calidad","publisher":{"@id":"https:\/\/procalayc.com.pe\/procal\/#organization"},"potentialAction":[{"@type":"SearchAction","target":{"@type":"EntryPoint","urlTemplate":"https:\/\/procalayc.com.pe\/procal\/?s={search_term_string}"},"query-input":{"@type":"PropertyValueSpecification","valueRequired":true,"valueName":"search_term_string"}}],"inLanguage":"es"},{"@type":"Organization","@id":"https:\/\/procalayc.com.pe\/procal\/#organization","name":"PROCAL","url":"https:\/\/procalayc.com.pe\/procal\/","logo":{"@type":"ImageObject","inLanguage":"es","@id":"https:\/\/procalayc.com.pe\/procal\/#\/schema\/logo\/image\/","url":"https:\/\/procalayc.com.pe\/procal\/wp-content\/uploads\/2025\/01\/cropped-procal-logo.png","contentUrl":"https:\/\/procalayc.com.pe\/procal\/wp-content\/uploads\/2025\/01\/cropped-procal-logo.png","width":270,"height":108,"caption":"PROCAL"},"image":{"@id":"https:\/\/procalayc.com.pe\/procal\/#\/schema\/logo\/image\/"}}]}},"_links":{"self":[{"href":"https:\/\/procalayc.com.pe\/procal\/wp-json\/wp\/v2\/pages\/92","targetHints":{"allow":["GET"]}}],"collection":[{"href":"https:\/\/procalayc.com.pe\/procal\/wp-json\/wp\/v2\/pages"}],"about":[{"href":"https:\/\/procalayc.com.pe\/procal\/wp-json\/wp\/v2\/types\/page"}],"author":[{"embeddable":true,"href":"https:\/\/procalayc.com.pe\/procal\/wp-json\/wp\/v2\/users\/1"}],"replies":[{"embeddable":true,"href":"https:\/\/procalayc.com.pe\/procal\/wp-json\/wp\/v2\/comments?post=92"}],"version-history":[{"count":62,"href":"https:\/\/procalayc.com.pe\/procal\/wp-json\/wp\/v2\/pages\/92\/revisions"}],"predecessor-version":[{"id":1953,"href":"https:\/\/procalayc.com.pe\/procal\/wp-json\/wp\/v2\/pages\/92\/revisions\/1953"}],"wp:attachment":[{"href":"https:\/\/procalayc.com.pe\/procal\/wp-json\/wp\/v2\/media?parent=92"}],"curies":[{"name":"wp","href":"https:\/\/api.w.org\/{rel}","templated":true}]}}